{"id":8238,"date":"2021-03-12T10:22:17","date_gmt":"2021-03-12T07:22:17","guid":{"rendered":"https:\/\/www.esb.org.tr\/en\/?page_id=8238"},"modified":"2021-03-12T10:25:28","modified_gmt":"2021-03-12T07:25:28","slug":"regulation-of-esb","status":"publish","type":"page","link":"https:\/\/www.esb.org.tr\/en\/regulation-of-esb\/","title":{"rendered":"Regulation of Access Providers Association (ESB)"},"content":{"rendered":"\r\n<p>B\u0130R\u0130NC\u0130 B\u00d6L\u00dcM<br \/>Genel H\u00fck\u00fcmler<br \/>Birli\u011fin Ad\u0131 ve Merkezi<br \/>Madde 1- (1) 4\/5\/2007 tarihli ve 5651 say\u0131l\u0131 \u0130nternet Ortam\u0131nda Yap\u0131lan Yay\u0131nlar\u0131n<br \/>D\u00fczenlenmesi ve Bu Yay\u0131nlar Yoluyla \u0130\u015flenen Su\u00e7larla M\u00fccadele Edilmesi Hakk\u0131nda Kanunun<br \/>6\/A ve Ge\u00e7ici 3 \u00fcnc\u00fc maddesi \u00e7er\u00e7evesinde, merkezi Ankara\u2019da bulunan, \u00f6zel hukuk t\u00fczel<br \/>ki\u015fili\u011fini haiz, 5\/11\/2008 tarihli ve 5809 say\u0131l\u0131 Elektronik Haberle\u015fme Kanunu kapsam\u0131nda<br \/>yetkilendirilen t\u00fcm internet servis sa\u011flay\u0131c\u0131lar\u0131 ile internet eri\u015fim hizmeti veren di\u011fer<br \/>i\u015fletmecilerden olu\u015fan Eri\u015fim Sa\u011flay\u0131c\u0131lar\u0131 Birli\u011fi kurulmu\u015ftur.<br \/>2) Birlik \u00dclke i\u00e7inde gerekli te\u015fkilat\u0131 kurabilir.<br \/>Tan\u0131mlar<br \/>Madde 2- Bu T\u00fcz\u00fck\u2019te ge\u00e7en,<br \/>a) Birlik: Eri\u015fim Sa\u011flay\u0131c\u0131lar\u0131 Birli\u011fini,<br \/>b) Eri\u015fim: Bir internet ortam\u0131na ba\u011flanarak kullan\u0131m olana\u011f\u0131 kazan\u0131lmas\u0131n\u0131,<br \/>c) Eri\u015fimin engellenmesi: Alan ad\u0131ndan eri\u015fimin engellenmesi, IP adresinden eri\u015fimin<br \/>engellenmesi, i\u00e7eri\u011fe (URL) eri\u015fimin engellenmesi ve benzeri y\u00f6ntemler kullan\u0131larak eri\u015fimin<br \/>engellenmesini,<br \/>d) Eri\u015fim sa\u011flay\u0131c\u0131: Kullan\u0131c\u0131lar\u0131na internet ortam\u0131na eri\u015fim olana\u011f\u0131 sa\u011flayan her t\u00fcrl\u00fc ger\u00e7ek<br \/>veya t\u00fczel ki\u015fileri,<br \/>e) \u0130nternet ortam\u0131: Haberle\u015fme ile ki\u015fisel veya kurumsal bilgisayar sistemleri d\u0131\u015f\u0131nda kalan ve<br \/>kamuya a\u00e7\u0131k olan internet \u00fczerinde olu\u015fturulan ortam\u0131,<br \/>f) \u0130nternet ortam\u0131nda yap\u0131lan yay\u0131n: \u0130nternet ortam\u0131nda yer alan ve i\u00e7eri\u011fine belirsiz say\u0131da<br \/>ki\u015filerin ula\u015fabilece\u011fi verileri,<br \/>g) Kurum: Bilgi Teknolojileri ve \u0130leti\u015fim Kurumunu,<br \/>h) Kanun: 4\/5\/2007 tarihli ve 5651 say\u0131l\u0131 \u0130nternet Ortam\u0131nda Yap\u0131lan Yay\u0131nlar\u0131n D\u00fczenlenmesi<br \/>ve Bu Yay\u0131nlar Yoluyla \u0130\u015flenen Su\u00e7larla M\u00fccadele Edilmesi Hakk\u0131nda Kanun,<br \/>i) T\u00fcz\u00fck: Eri\u015fim Sa\u011flay\u0131c\u0131lar\u0131 Birli\u011fi T\u00fcz\u00fc\u011f\u00fcn\u00fc,<br \/>j) Yetkilendirme: Elektronik haberle\u015fme hizmetlerinin sunulmas\u0131 ve\/veya elektronik<br \/>haberle\u015fme \u015febekesi sa\u011flanmas\u0131n\u0131 teminen \u015firketlerin, Kurum nezdinde kay\u0131tlanmas\u0131n\u0131 veya<br \/>kay\u0131tlanmas\u0131yla birlikte bu \u015firketlere elektronik haberle\u015fme hizmetlerine \u00f6zel, belirli hak ve<br \/>y\u00fck\u00fcml\u00fcl\u00fckler verilmesini,<br \/>Eri\u015fim Sa\u011flay\u0131c\u0131lar\u0131 Birli\u011fi T\u00fcz\u00fc\u011f\u00fc Sayfa 3 \/ 16<br \/>k) \u0130\u015fletmeci: Yetkilendirme \u00e7er\u00e7evesinde elektronik haberle\u015fme hizmeti sunan ve\/veya<br \/>elektronik haberle\u015fme \u015febekesi sa\u011flayan ve alt yap\u0131s\u0131n\u0131 i\u015fleten \u015firketi,<br \/>l) URL adresi: \u0130lgili i\u00e7eri\u011fin internette bulundu\u011fu tam internet adresini,<br \/>m) Yay\u0131n: Internet ortam\u0131nda yap\u0131lan yay\u0131n\u0131 ifade eder.<\/p>\r\n","protected":false},"excerpt":{"rendered":"<p>B\u0130R\u0130NC\u0130 B\u00d6L\u00dcMGenel H\u00fck\u00fcmlerBirli\u011fin Ad\u0131 ve MerkeziMadde 1- (1) 4\/5\/2007 tarihli ve 5651 say\u0131l\u0131 \u0130nternet Ortam\u0131nda Yap\u0131lan Yay\u0131nlar\u0131nD\u00fczenlenmesi ve Bu Yay\u0131nlar Yoluyla \u0130\u015flenen Su\u00e7larla M\u00fccadele Edilmesi Hakk\u0131nda Kanunun6\/A ve Ge\u00e7ici 3 \u00fcnc\u00fc maddesi \u00e7er\u00e7evesinde, merkezi Ankara\u2019da bulunan, \u00f6zel hukuk t\u00fczelki\u015fili\u011fini haiz, 5\/11\/2008 tarihli ve 5809 say\u0131l\u0131 Elektronik Haberle\u015fme Kanunu kapsam\u0131ndayetkilendirilen t\u00fcm<\/p>\n","protected":false},"author":1,"featured_media":0,"parent":0,"menu_order":0,"comment_status":"closed","ping_status":"closed","template":"","meta":{"footnotes":""},"class_list":["post-8238","page","type-page","status-publish","hentry"],"_links":{"self":[{"href":"https:\/\/www.esb.org.tr\/en\/wp-json\/wp\/v2\/pages\/8238","targetHints":{"allow":["GET"]}}],"collection":[{"href":"https:\/\/www.esb.org.tr\/en\/wp-json\/wp\/v2\/pages"}],"about":[{"href":"https:\/\/www.esb.org.tr\/en\/wp-json\/wp\/v2\/types\/page"}],"author":[{"embeddable":true,"href":"https:\/\/www.esb.org.tr\/en\/wp-json\/wp\/v2\/users\/1"}],"replies":[{"embeddable":true,"href":"https:\/\/www.esb.org.tr\/en\/wp-json\/wp\/v2\/comments?post=8238"}],"version-history":[{"count":2,"href":"https:\/\/www.esb.org.tr\/en\/wp-json\/wp\/v2\/pages\/8238\/revisions"}],"predecessor-version":[{"id":8243,"href":"https:\/\/www.esb.org.tr\/en\/wp-json\/wp\/v2\/pages\/8238\/revisions\/8243"}],"wp:attachment":[{"href":"https:\/\/www.esb.org.tr\/en\/wp-json\/wp\/v2\/media?parent=8238"}],"curies":[{"name":"wp","href":"https:\/\/api.w.org\/{rel}","templated":true}]}}