{"id":7510,"date":"2021-02-17T16:00:47","date_gmt":"2021-02-17T16:00:47","guid":{"rendered":"http:\/\/www.esb.org.tr\/?page_id=7510"},"modified":"2021-03-11T22:57:54","modified_gmt":"2021-03-11T19:57:54","slug":"yonetim-kurulu","status":"publish","type":"page","link":"https:\/\/www.esb.org.tr\/en\/yonetim-kurulu\/","title":{"rendered":"Y\u00f6netim Kurulu"},"content":{"rendered":"<p>[vc_row][vc_column][vc_column_text]<strong>Y\u00d6NET\u0130M KURULU<\/strong><br \/>&#8211; Y\u00f6netim kurulu on bir (11) \u00fcyeden olu\u015fur.<br \/>&#8211; Birlik Y\u00f6netim Kurulu\u2019nda t\u00fczel ki\u015finin \u00fcyeli\u011fi esast\u0131r. Y\u00f6netim Kurulu\u2019na kat\u0131lan t\u00fczel ki\u015fi Birlik \u00fcyesi, kendisini Y\u00f6netim Kurulu\u2019nda Birli\u011fe temsilci olarak bildirdi\u011fi bir kimse ile temsil ettirebilir. \u00dcyeler, temsilcisinin \u00f6l\u00fcm\u00fc, istifas\u0131, i\u015f ili\u015fkisinin sona ermesi halleri d\u0131\u015f\u0131nda y\u0131lda iki (2) defay\u0131 ge\u00e7memek kayd\u0131 ile diledikleri zaman temsilcisini de\u011fi\u015ftirebilir.<br \/>&#8211; Y\u00f6netim kurulunun dokuz (9) \u00fcyesi; Birlik \u00fcyeleri aras\u0131ndan bir \u00f6nceki y\u0131l en fazla net sat\u0131\u015f tutar\u0131na sahip ilk dokuz (9) Birlik \u00fcyesi taraf\u0131ndan belirlenir.<br \/>&#8211; Geriye kalan iki (2) y\u00f6netim kurulu \u00fcyesi, bir \u00f6nceki y\u0131l en fazla net sat\u0131\u015f tutar\u0131na sahip ilk dokuz (9) Birlik \u00fcyesinin d\u0131\u015f\u0131nda kalan di\u011fer Birlik \u00fcyelerinin oldu\u011fu grup taraf\u0131ndan, bu \u00fcyeler aras\u0131ndan se\u00e7ilir. Bu se\u00e7imde, bir \u00f6nceki y\u0131l en fazla net sat\u0131\u015f tutar\u0131na sahip ilk dokuz (9) \u00fcye oy kullanamaz.<br \/>&#8211; Se\u00e7ilen \u00fcyeler, se\u00e7imi izleyen \u00fc\u00e7 (3) g\u00fcn i\u00e7inde aralar\u0131nda g\u00f6rev da\u011f\u0131l\u0131m\u0131 yaparak, y\u00f6netim kurulu \u00fcyeleri aras\u0131ndan y\u00f6netim kurulu ba\u015fkan\u0131 ile bir ba\u015fkan yard\u0131mc\u0131s\u0131 ve bir de \u00fcst d\u00fczey finansal i\u015flerin koordinasyonundan sorumlu sayman \u00fcyeyi se\u00e7er. Ba\u015fkan\u0131n her hangi bir nedenle g\u00f6revden ayr\u0131lmas\u0131 durumunda y\u00f6netim kurulu ba\u015fkan yard\u0131mc\u0131s\u0131 ba\u015fkan olarak atan\u0131r ve ilk y\u00f6netim kurulu toplant\u0131s\u0131nda yeni bir ba\u015fkan yard\u0131mc\u0131s\u0131 se\u00e7ilir.<br \/>&#8211; Y\u00f6netim Kurulu, Birli\u011fin ama\u00e7lar\u0131n\u0131 ger\u00e7ekle\u015ftirilebilmesi i\u00e7in kendisine d\u00fc\u015fen g\u00f6revleri Genel Sekreterlik arac\u0131l\u0131\u011f\u0131yla yapar.<\/p>\r\n<p>\r\n\r\n<strong>Y\u00d6NET\u0130M KURULUNUN G\u00d6REV VE YETK\u0130LER\u0130<\/strong><br \/>Y\u00f6netim kurulunun g\u00f6rev ve yetkileri a\u015fa\u011f\u0131da g\u00f6sterilmi\u015ftir;<br \/>&#8211; Genel Sekreteri, Kurumun da g\u00f6r\u00fc\u015f\u00fcn\u00fc alarak atamak,<br \/>&#8211; Genel Sekreter Yard\u0131mc\u0131lar\u0131n\u0131 atamak,<br \/>&#8211; Genel Sekreter ve Genel Sekreter Yard\u0131mc\u0131lar\u0131na \u00f6denecek \u00fccretleri belirlemek,<br \/>&#8211; B\u00fct\u00e7eyi genel kurul onay\u0131na sunmak,<br \/>&#8211; Ta\u015f\u0131nmaz mal al\u0131nmas\u0131, sat\u0131lmas\u0131 ve kiralanmas\u0131 ile bunlar \u00fczerinde ayni haklar tesis edilmesi i\u00e7in gerekli onaylar\u0131 vermek,<br \/>&#8211; Birlik faaliyetleri kapsam\u0131nda g\u00f6revlendirilecek personelin \u00f6zl\u00fck, \u00fccret ve sosyal haklar\u0131n\u0131 belirlemek,<br \/>&#8211; Denetim Kurulu \u00fcyelerinin kanun ve di\u011fer yasal mevzuat \u00e7er\u00e7evesinde, Birli\u011fin denetimiyle ilgili ihtiya\u00e7 duyduklar\u0131 bilgi ve belgeleri, resmi yaz\u0131\u015fmalara ili\u015fkin gizlilik ve bilgi g\u00fcvenli\u011fi ko\u015fullar\u0131 ihlal edilmeden vermek,<br \/>&#8211; Birli\u011fi sorumluluk alt\u0131na sokacak evraklarda ikiden az olmayacak m\u00fc\u015fterek imzaya yetkili imza sahiplerini karara ba\u011flamak,<br \/>&#8211; Birlik t\u00fcz\u00fck de\u011fi\u015fikliklerini, genel kurulun ve genel kurul taraf\u0131ndan onaylanmas\u0131n\u0131 takiben Kurumun onay\u0131na sunmak,<br \/>&#8211; Ola\u011fan ve ola\u011fan\u00fcst\u00fc genel kurul toplant\u0131lar\u0131n\u0131n g\u00fcndemini haz\u0131rlamak ve \u00fcyeleri toplant\u0131ya \u00e7a\u011f\u0131rmak,<br \/>&#8211; Birli\u011fin gelir ve gider belgelerinin saklanma usul\u00fcn\u00fc belirlemek,<br \/>&#8211; Birli\u011fin mali denetim raporunu genel kurula sunmak,<br \/>&#8211; Kanun, ilgili mevzuat ve t\u00fcz\u00fckle verilen di\u011fer i\u015fleri yapmak.<\/p>\r\n<p>[\/vc_column_text][\/vc_column][\/vc_row][vc_row][vc_column]\r\n\t<div class=\"conceptseven-spacer clearfix\" data-desktop=\"60\" data-mobi=\"40\" data-smobi=\"0\"><\/div>[\/vc_column][\/vc_row]<\/p>","protected":false},"excerpt":{"rendered":"<p>[vc_row][vc_column][vc_column_text]Y\u00d6NET\u0130M KURULU&#8211; Y\u00f6netim kurulu on bir (11) \u00fcyeden olu\u015fur.&#8211; Birlik Y\u00f6netim Kurulu\u2019nda t\u00fczel ki\u015finin \u00fcyeli\u011fi esast\u0131r. Y\u00f6netim Kurulu\u2019na kat\u0131lan t\u00fczel ki\u015fi Birlik \u00fcyesi, kendisini Y\u00f6netim Kurulu\u2019nda Birli\u011fe temsilci olarak bildirdi\u011fi bir kimse ile temsil ettirebilir. \u00dcyeler, temsilcisinin \u00f6l\u00fcm\u00fc, istifas\u0131, i\u015f ili\u015fkisinin sona ermesi halleri d\u0131\u015f\u0131nda y\u0131lda iki (2) defay\u0131 ge\u00e7memek<\/p>\n","protected":false},"author":1,"featured_media":0,"parent":0,"menu_order":0,"comment_status":"closed","ping_status":"closed","template":"","meta":{"footnotes":""},"class_list":["post-7510","page","type-page","status-publish","hentry"],"_links":{"self":[{"href":"https:\/\/www.esb.org.tr\/en\/wp-json\/wp\/v2\/pages\/7510","targetHints":{"allow":["GET"]}}],"collection":[{"href":"https:\/\/www.esb.org.tr\/en\/wp-json\/wp\/v2\/pages"}],"about":[{"href":"https:\/\/www.esb.org.tr\/en\/wp-json\/wp\/v2\/types\/page"}],"author":[{"embeddable":true,"href":"https:\/\/www.esb.org.tr\/en\/wp-json\/wp\/v2\/users\/1"}],"replies":[{"embeddable":true,"href":"https:\/\/www.esb.org.tr\/en\/wp-json\/wp\/v2\/comments?post=7510"}],"version-history":[{"count":1,"href":"https:\/\/www.esb.org.tr\/en\/wp-json\/wp\/v2\/pages\/7510\/revisions"}],"predecessor-version":[{"id":8236,"href":"https:\/\/www.esb.org.tr\/en\/wp-json\/wp\/v2\/pages\/7510\/revisions\/8236"}],"wp:attachment":[{"href":"https:\/\/www.esb.org.tr\/en\/wp-json\/wp\/v2\/media?parent=7510"}],"curies":[{"name":"wp","href":"https:\/\/api.w.org\/{rel}","templated":true}]}}